{"id":22763,"date":"2025-04-25T07:16:14","date_gmt":"2025-04-25T07:16:14","guid":{"rendered":"https:\/\/timonsafaris.com\/recursos-de-viaje\/"},"modified":"2026-01-07T12:22:38","modified_gmt":"2026-01-07T12:22:38","slug":"recursos-de-viaje","status":"publish","type":"page","link":"https:\/\/timonsafaris.com\/es\/recursos-de-viaje\/","title":{"rendered":"Recursos de Viaje"},"content":{"rendered":"\t\t<div data-elementor-type=\"wp-page\" data-elementor-id=\"22763\" class=\"elementor elementor-22763 elementor-22518\" data-elementor-post-type=\"page\">\n\t\t\t\t<div class=\"elementor-element elementor-element-a5e41d1 e-flex e-con-boxed e-con e-parent\" data-id=\"a5e41d1\" data-element_type=\"container\" data-e-type=\"container\" data-settings=\"{&quot;background_background&quot;:&quot;classic&quot;}\">\n\t\t\t\t\t<div class=\"e-con-inner\">\n\t\t<div class=\"elementor-element elementor-element-b4d95e6 e-con-full e-flex e-con e-child\" data-id=\"b4d95e6\" data-element_type=\"container\" data-e-type=\"container\">\n\t\t\t\t<div class=\"elementor-element elementor-element-5424c68 animated-slow elementor-invisible elementor-widget elementor-widget-heading\" data-id=\"5424c68\" data-element_type=\"widget\" data-e-type=\"widget\" data-settings=\"{&quot;_animation&quot;:&quot;fadeInDown&quot;}\" data-widget_type=\"heading.default\">\n\t\t\t\t<div class=\"elementor-widget-container\">\n\t\t\t\t\t<h2 class=\"elementor-heading-title elementor-size-default\">Documentos Oficiales y Recursos de Viaje<\/h2>\t\t\t\t<\/div>\n\t\t\t\t<\/div>\n\t\t\t\t<div class=\"elementor-element elementor-element-bfea7cb animated-slow elementor-invisible elementor-widget elementor-widget-heading\" data-id=\"bfea7cb\" data-element_type=\"widget\" data-e-type=\"widget\" data-settings=\"{&quot;_animation&quot;:&quot;fadeInUp&quot;}\" data-widget_type=\"heading.default\">\n\t\t\t\t<div class=\"elementor-widget-container\">\n\t\t\t\t\t<h2 class=\"elementor-heading-title elementor-size-default\"> - Creemos en la transparencia y la preparaci\u00f3n - <\/h2>\t\t\t\t<\/div>\n\t\t\t\t<\/div>\n\t\t\t\t<\/div>\n\t\t\t\t\t<\/div>\n\t\t\t\t<\/div>\n\t\t<div class=\"elementor-element elementor-element-27e4af3 e-flex e-con-boxed e-con e-parent\" data-id=\"27e4af3\" data-element_type=\"container\" data-e-type=\"container\">\n\t\t\t\t\t<div class=\"e-con-inner\">\n\t\t\t\t<div class=\"elementor-element elementor-element-95c1dfa elementor-widget elementor-widget-breadcrumbs\" data-id=\"95c1dfa\" data-element_type=\"widget\" data-e-type=\"widget\" data-widget_type=\"breadcrumbs.default\">\n\t\t\t\t<div class=\"elementor-widget-container\">\n\t\t\t\t\t<p id=\"breadcrumbs\"><span><span><a href=\"https:\/\/timonsafaris.com\/\">Inicio<\/a><\/span><\/span><\/p>\t\t\t\t<\/div>\n\t\t\t\t<\/div>\n\t\t\t\t<div class=\"elementor-element elementor-element-eac0b35 elementor-widget elementor-widget-heading\" data-id=\"eac0b35\" data-element_type=\"widget\" data-e-type=\"widget\" data-widget_type=\"heading.default\">\n\t\t\t\t<div class=\"elementor-widget-container\">\n\t\t\t\t\t<div class=\"elementor-heading-title elementor-size-default\">Creemos en la transparencia y la preparaci\u00f3n. A continuaci\u00f3n, puede descargar los documentos oficiales de registro de nuestra empresa y recursos \u00fatiles para preparar su viaje con Timon Safaris. Desde certificaciones legales hasta gu\u00edas para preparar el equipaje para un safari, todo lo que necesita est\u00e1 a solo un clic de distancia.  <\/div>\t\t\t\t<\/div>\n\t\t\t\t<\/div>\n\t\t\t\t\t<\/div>\n\t\t\t\t<\/div>\n\t\t<div class=\"elementor-element elementor-element-69e10b5 e-flex e-con-boxed e-con e-parent\" data-id=\"69e10b5\" data-element_type=\"container\" data-e-type=\"container\">\n\t\t\t\t\t<div class=\"e-con-inner\">\n\t\t\t\t<div class=\"elementor-element elementor-element-8f1a16f elementor-widget elementor-widget-heading\" data-id=\"8f1a16f\" data-element_type=\"widget\" data-e-type=\"widget\" data-widget_type=\"heading.default\">\n\t\t\t\t<div class=\"elementor-widget-container\">\n\t\t\t\t\t<h2 class=\"elementor-heading-title elementor-size-default\">Recursos de Viaje<\/h2>\t\t\t\t<\/div>\n\t\t\t\t<\/div>\n\t\t\t\t\t<\/div>\n\t\t\t\t<\/div>\n\t\t<div class=\"elementor-element elementor-element-23b357f e-flex e-con-boxed e-con e-parent\" data-id=\"23b357f\" data-element_type=\"container\" data-e-type=\"container\">\n\t\t\t\t\t<div class=\"e-con-inner\">\n\t\t\t\t<div class=\"elementor-element elementor-element-0dbd18c elementor-cta--layout-image-left elementor-cta--mobile-layout-image-above elementor-cta--skin-classic elementor-animated-content elementor-bg-transform elementor-bg-transform-zoom-in elementor-widget elementor-widget-call-to-action\" data-id=\"0dbd18c\" data-element_type=\"widget\" data-e-type=\"widget\" data-widget_type=\"call-to-action.default\">\n\t\t\t\t<div class=\"elementor-widget-container\">\n\t\t\t\t\t\t\t<div class=\"elementor-cta\">\n\t\t\t\t\t<div class=\"elementor-cta__bg-wrapper\">\n\t\t\t\t<div class=\"elementor-cta__bg elementor-bg\" style=\"background-image: url(https:\/\/timonsafaris.com\/wp-content\/uploads\/2025\/04\/parks-scaled.jpeg);\" role=\"img\" aria-label=\"parks\"><\/div>\n\t\t\t\t<div class=\"elementor-cta__bg-overlay\"><\/div>\n\t\t\t<\/div>\n\t\t\t\t\t\t\t<div class=\"elementor-cta__content\">\n\t\t\t\t\n\t\t\t\t\t\t\t\t\t<h2 class=\"elementor-cta__title elementor-cta__content-item elementor-content-item\">\n\t\t\t\t\t\t\ud83c\udf92 Lista de Equipaje \u2013 Para Viajes de Safari\t\t\t\t\t<\/h2>\n\t\t\t\t\n\t\t\t\t\t\t\t\t\t<div class=\"elementor-cta__description elementor-cta__content-item elementor-content-item\">\n\t\t\t\t\t\t\u00a1Prep\u00e1rese para el safari con nuestra lista de equipaje esencial! Esta gu\u00eda le ayudar\u00e1 a prepararse para una aventura inolvidable, ya que incluye todos los art\u00edculos necesarios para un safari c\u00f3modo y seguro en los parques nacionales de Tanzania. \t\t\t\t\t<\/div>\n\t\t\t\t\n\t\t\t\t\t\t\t\t\t<div class=\"elementor-cta__button-wrapper elementor-cta__content-item elementor-content-item \">\n\t\t\t\t\t<a class=\"elementor-cta__button elementor-button elementor-size-\" href=\"https:\/\/timonsafaris.com\/wp-content\/uploads\/2025\/04\/Safari-Packing-List-Download.pdf\" download=\"\">\n\t\t\t\t\t\tDESCARGAR\t\t\t\t\t<\/a>\n\t\t\t\t\t<\/div>\n\t\t\t\t\t\t\t<\/div>\n\t\t\t\t\t\t<\/div>\n\t\t\t\t\t\t<\/div>\n\t\t\t\t<\/div>\n\t\t\t\t\t<\/div>\n\t\t\t\t<\/div>\n\t\t<div class=\"elementor-element elementor-element-b814930 e-flex e-con-boxed e-con e-parent\" data-id=\"b814930\" data-element_type=\"container\" data-e-type=\"container\">\n\t\t\t\t\t<div class=\"e-con-inner\">\n\t\t\t\t<div class=\"elementor-element elementor-element-c1f5bc0 elementor-cta--layout-image-left elementor-cta--mobile-layout-image-above elementor-cta--skin-classic elementor-animated-content elementor-bg-transform elementor-bg-transform-zoom-in elementor-widget elementor-widget-call-to-action\" data-id=\"c1f5bc0\" data-element_type=\"widget\" data-e-type=\"widget\" data-widget_type=\"call-to-action.default\">\n\t\t\t\t<div class=\"elementor-widget-container\">\n\t\t\t\t\t\t\t<div class=\"elementor-cta\">\n\t\t\t\t\t<div class=\"elementor-cta__bg-wrapper\">\n\t\t\t\t<div class=\"elementor-cta__bg elementor-bg\" style=\"background-image: url(https:\/\/timonsafaris.com\/wp-content\/uploads\/2025\/04\/machame11.jpeg);\" role=\"img\" aria-label=\"machame11\"><\/div>\n\t\t\t\t<div class=\"elementor-cta__bg-overlay\"><\/div>\n\t\t\t<\/div>\n\t\t\t\t\t\t\t<div class=\"elementor-cta__content\">\n\t\t\t\t\n\t\t\t\t\t\t\t\t\t<h2 class=\"elementor-cta__title elementor-cta__content-item elementor-content-item\">\n\t\t\t\t\t\t\ud83c\udfd4 Lista de Equipaje para el Kilimanjaro\t\t\t\t\t<\/h2>\n\t\t\t\t\n\t\t\t\t\t\t\t\t\t<div class=\"elementor-cta__description elementor-cta__content-item elementor-content-item\">\n\t\t\t\t\t\t\u00bfQuiere escalar el pico m\u00e1s alto de \u00c1frica? Descargue nuestra Lista de Equipaje para el Kilimanjaro y aseg\u00farese de estar bien preparado para el reto. Esta gu\u00eda incluye el equipo y la ropa recomendados, as\u00ed como consejos adaptados a su ruta de monta\u00f1a.  \t\t\t\t\t<\/div>\n\t\t\t\t\n\t\t\t\t\t\t\t\t\t<div class=\"elementor-cta__button-wrapper elementor-cta__content-item elementor-content-item \">\n\t\t\t\t\t<a class=\"elementor-cta__button elementor-button elementor-size-\" href=\"https:\/\/timonsafaris.com\/wp-content\/uploads\/2025\/04\/Kilimanjaro-Climbing-Packing-List.pdf\" download=\"\">\n\t\t\t\t\t\tDESCARGAR\t\t\t\t\t<\/a>\n\t\t\t\t\t<\/div>\n\t\t\t\t\t\t\t<\/div>\n\t\t\t\t\t\t<\/div>\n\t\t\t\t\t\t<\/div>\n\t\t\t\t<\/div>\n\t\t\t\t\t<\/div>\n\t\t\t\t<\/div>\n\t\t<div class=\"elementor-element elementor-element-903cc23 e-flex e-con-boxed e-con e-parent\" data-id=\"903cc23\" data-element_type=\"container\" data-e-type=\"container\">\n\t\t\t\t\t<div class=\"e-con-inner\">\n\t\t\t\t<div class=\"elementor-element elementor-element-0bd0d9b elementor-widget elementor-widget-heading\" data-id=\"0bd0d9b\" data-element_type=\"widget\" data-e-type=\"widget\" data-widget_type=\"heading.default\">\n\t\t\t\t<div class=\"elementor-widget-container\">\n\t\t\t\t\t<h2 class=\"elementor-heading-title elementor-size-default\">Documentos Oficiales<\/h2>\t\t\t\t<\/div>\n\t\t\t\t<\/div>\n\t\t\t\t\t<\/div>\n\t\t\t\t<\/div>\n\t\t<div class=\"elementor-element elementor-element-d383963 e-flex e-con-boxed e-con e-parent\" data-id=\"d383963\" data-element_type=\"container\" data-e-type=\"container\">\n\t\t\t\t\t<div class=\"e-con-inner\">\n\t\t\t\t<div class=\"elementor-element elementor-element-0e9fdba elementor-cta--layout-image-left elementor-cta--mobile-layout-image-above elementor-cta--skin-classic elementor-animated-content elementor-bg-transform elementor-bg-transform-zoom-in elementor-widget elementor-widget-call-to-action\" data-id=\"0e9fdba\" data-element_type=\"widget\" data-e-type=\"widget\" data-widget_type=\"call-to-action.default\">\n\t\t\t\t<div class=\"elementor-widget-container\">\n\t\t\t\t\t\t\t<div class=\"elementor-cta\">\n\t\t\t\t\t<div class=\"elementor-cta__bg-wrapper\">\n\t\t\t\t<div class=\"elementor-cta__bg elementor-bg\" style=\"background-image: url(https:\/\/timonsafaris.com\/wp-content\/uploads\/2025\/04\/99d-facebook-cover-_timon_1.jpg);\" role=\"img\" aria-label=\"99d facebook cover  timon\"><\/div>\n\t\t\t\t<div class=\"elementor-cta__bg-overlay\"><\/div>\n\t\t\t<\/div>\n\t\t\t\t\t\t\t<div class=\"elementor-cta__content\">\n\t\t\t\t\n\t\t\t\t\t\t\t\t\t<h2 class=\"elementor-cta__title elementor-cta__content-item elementor-content-item\">\n\t\t\t\t\t\t\ud83e\uddfe TALA - Licencia de Turismo\t\t\t\t\t<\/h2>\n\t\t\t\t\n\t\t\t\t\t\t\t\t\t<div class=\"elementor-cta__description elementor-cta__content-item elementor-content-item\">\n\t\t\t\t\t\tEste documento certifica que Timon Safaris cuenta con la licencia completa de la Autoridad de Licencias Tur\u00edsticas de Tanzania (TALA) para operar como empresa tur\u00edstica profesional. Nos comprometemos a proporcionar experiencias de viaje seguras y reguladas en toda Tanzania. \t\t\t\t\t<\/div>\n\t\t\t\t\n\t\t\t\t\t\t\t\t\t<div class=\"elementor-cta__button-wrapper elementor-cta__content-item elementor-content-item \">\n\t\t\t\t\t<a class=\"elementor-cta__button elementor-button elementor-size-\" href=\"https:\/\/timonsafaris.com\/wp-content\/uploads\/2026\/01\/TALA-2026.pdf\" download=\"\">\n\t\t\t\t\t\tDESCARGAR\t\t\t\t\t<\/a>\n\t\t\t\t\t<\/div>\n\t\t\t\t\t\t\t<\/div>\n\t\t\t\t\t\t<\/div>\n\t\t\t\t\t\t<\/div>\n\t\t\t\t<\/div>\n\t\t\t\t\t<\/div>\n\t\t\t\t<\/div>\n\t\t<div class=\"elementor-element elementor-element-9bc0b23 e-flex e-con-boxed e-con e-parent\" data-id=\"9bc0b23\" data-element_type=\"container\" data-e-type=\"container\">\n\t\t\t\t\t<div class=\"e-con-inner\">\n\t\t\t\t<div class=\"elementor-element elementor-element-6c57461 elementor-cta--layout-image-left elementor-cta--mobile-layout-image-above elementor-cta--skin-classic elementor-animated-content elementor-bg-transform elementor-bg-transform-zoom-in elementor-widget elementor-widget-call-to-action\" data-id=\"6c57461\" data-element_type=\"widget\" data-e-type=\"widget\" data-widget_type=\"call-to-action.default\">\n\t\t\t\t<div class=\"elementor-widget-container\">\n\t\t\t\t\t\t\t<div class=\"elementor-cta\">\n\t\t\t\t\t<div class=\"elementor-cta__bg-wrapper\">\n\t\t\t\t<div class=\"elementor-cta__bg elementor-bg\" style=\"background-image: url(https:\/\/timonsafaris.com\/wp-content\/uploads\/2025\/04\/99d-facebook-cover-_timon_1.jpg);\" role=\"img\" aria-label=\"99d facebook cover  timon\"><\/div>\n\t\t\t\t<div class=\"elementor-cta__bg-overlay\"><\/div>\n\t\t\t<\/div>\n\t\t\t\t\t\t\t<div class=\"elementor-cta__content\">\n\t\t\t\t\n\t\t\t\t\t\t\t\t\t<h2 class=\"elementor-cta__title elementor-cta__content-item elementor-content-item\">\n\t\t\t\t\t\t\ud83e\uddfe N\u00famero de Identification Fiscal\t\t\t\t\t<\/h2>\n\t\t\t\t\n\t\t\t\t\t\t\t\t\t<div class=\"elementor-cta__description elementor-cta__content-item elementor-content-item\">\n\t\t\t\t\t\tNuestro documento de N\u00famero de Identification Fiscal (TIN) confirma que Timon Safaris es un contribuyente legalmente registrado en Tanzania. Esto garantiza el cumplimiento de las normas financieras y legales locales. \t\t\t\t\t<\/div>\n\t\t\t\t\n\t\t\t\t\t\t\t\t\t<div class=\"elementor-cta__button-wrapper elementor-cta__content-item elementor-content-item \">\n\t\t\t\t\t<a class=\"elementor-cta__button elementor-button elementor-size-\" href=\"https:\/\/timonsafaris.com\/wp-content\/uploads\/2025\/04\/Tax-Identification-Number.pdf\" download=\"\">\n\t\t\t\t\t\tDESCARGAR\t\t\t\t\t<\/a>\n\t\t\t\t\t<\/div>\n\t\t\t\t\t\t\t<\/div>\n\t\t\t\t\t\t<\/div>\n\t\t\t\t\t\t<\/div>\n\t\t\t\t<\/div>\n\t\t\t\t\t<\/div>\n\t\t\t\t<\/div>\n\t\t<div class=\"elementor-element elementor-element-c1be4a3 e-flex e-con-boxed e-con e-parent\" data-id=\"c1be4a3\" data-element_type=\"container\" data-e-type=\"container\">\n\t\t\t\t\t<div class=\"e-con-inner\">\n\t\t\t\t<div class=\"elementor-element elementor-element-94e9d4a elementor-cta--layout-image-left elementor-cta--mobile-layout-image-above elementor-cta--skin-classic elementor-animated-content elementor-bg-transform elementor-bg-transform-zoom-in elementor-widget elementor-widget-call-to-action\" data-id=\"94e9d4a\" data-element_type=\"widget\" data-e-type=\"widget\" data-widget_type=\"call-to-action.default\">\n\t\t\t\t<div class=\"elementor-widget-container\">\n\t\t\t\t\t\t\t<div class=\"elementor-cta\">\n\t\t\t\t\t<div class=\"elementor-cta__bg-wrapper\">\n\t\t\t\t<div class=\"elementor-cta__bg elementor-bg\" style=\"background-image: url(https:\/\/timonsafaris.com\/wp-content\/uploads\/2025\/04\/99d-facebook-cover-_timon_1.jpg);\" role=\"img\" aria-label=\"99d facebook cover  timon\"><\/div>\n\t\t\t\t<div class=\"elementor-cta__bg-overlay\"><\/div>\n\t\t\t<\/div>\n\t\t\t\t\t\t\t<div class=\"elementor-cta__content\">\n\t\t\t\t\n\t\t\t\t\t\t\t\t\t<h2 class=\"elementor-cta__title elementor-cta__content-item elementor-content-item\">\n\t\t\t\t\t\t\ud83e\uddfe BRELA \u2013 Certificado de Constituci\u00f3n\t\t\t\t\t<\/h2>\n\t\t\t\t\n\t\t\t\t\t\t\t\t\t<div class=\"elementor-cta__description elementor-cta__content-item elementor-content-item\">\n\t\t\t\t\t\tEmitido por la Agencia de Registro Mercantil y Licencias (BRELA), este certificado confirma que Timon Safaris est\u00e1 oficialmente constituida y reconocida como entidad legal en Tanzania.\t\t\t\t\t<\/div>\n\t\t\t\t\n\t\t\t\t\t\t\t\t\t<div class=\"elementor-cta__button-wrapper elementor-cta__content-item elementor-content-item \">\n\t\t\t\t\t<a class=\"elementor-cta__button elementor-button elementor-size-\" href=\"https:\/\/timonsafaris.com\/wp-content\/uploads\/2025\/04\/Brella.pdf\" download=\"\">\n\t\t\t\t\t\tDESCARGAR\t\t\t\t\t<\/a>\n\t\t\t\t\t<\/div>\n\t\t\t\t\t\t\t<\/div>\n\t\t\t\t\t\t<\/div>\n\t\t\t\t\t\t<\/div>\n\t\t\t\t<\/div>\n\t\t\t\t\t<\/div>\n\t\t\t\t<\/div>\n\t\t\t\t<\/div>\n\t\t","protected":false},"excerpt":{"rendered":"<p>Documentos Oficiales y Recursos de Viaje &#8211; Creemos en la transparencia y la preparaci\u00f3n &#8211; Creemos en la transparencia y la preparaci\u00f3n. A continuaci\u00f3n, puede descargar los documentos oficiales de registro de nuestra empresa y recursos \u00fatiles para preparar su viaje con Timon Safaris. Desde certificaciones legales hasta gu\u00edas para preparar el equipaje para un [&hellip;]<\/p>\n","protected":false},"author":2,"featured_media":22574,"parent":0,"menu_order":0,"comment_status":"closed","ping_status":"closed","template":"elementor_header_footer","meta":{"_acf_changed":false,"iawp_total_views":5,"footnotes":""},"class_list":["post-22763","page","type-page","status-publish","has-post-thumbnail","hentry"],"acf":[],"yoast_head":"<!-- This site is optimized with the Yoast SEO Premium plugin v27.2 (Yoast SEO v27.4) - https:\/\/yoast.com\/product\/yoast-seo-premium-wordpress\/ -->\n<title>Recursos de Viaje - Timon Safaris<\/title>\n<meta name=\"description\" content=\"Recursos de Viaje - Creemos en la transparencia y la preparaci\u00f3n. A continuaci\u00f3n puede descargar nuestros documentos oficiales de ...\" \/>\n<meta name=\"robots\" content=\"index, follow, max-snippet:-1, max-image-preview:large, max-video-preview:-1\" \/>\n<link rel=\"canonical\" href=\"https:\/\/timonsafaris.com\/es\/recursos-de-viaje\/\" \/>\n<meta property=\"og:locale\" content=\"es_ES\" \/>\n<meta property=\"og:type\" content=\"article\" \/>\n<meta property=\"og:title\" content=\"Recursos de Viaje\" \/>\n<meta property=\"og:description\" content=\"Recursos de Viaje - Creemos en la transparencia y la preparaci\u00f3n. A continuaci\u00f3n puede descargar nuestros documentos oficiales de ...\" \/>\n<meta property=\"og:url\" content=\"https:\/\/timonsafaris.com\/es\/recursos-de-viaje\/\" \/>\n<meta property=\"og:site_name\" content=\"Timon Safaris\" \/>\n<meta property=\"article:publisher\" content=\"https:\/\/www.facebook.com\/timonsafaris\" \/>\n<meta property=\"article:modified_time\" content=\"2026-01-07T12:22:38+00:00\" \/>\n<meta property=\"og:image\" content=\"https:\/\/timonsafaris.com\/wp-content\/uploads\/2025\/04\/99d-twitter-header-TIMON_rgb1.jpg\" \/>\n\t<meta property=\"og:image:width\" content=\"1500\" \/>\n\t<meta property=\"og:image:height\" content=\"500\" \/>\n\t<meta property=\"og:image:type\" content=\"image\/jpeg\" \/>\n<meta name=\"twitter:card\" content=\"summary_large_image\" \/>\n<meta name=\"twitter:site\" content=\"@TimonSafaris\" \/>\n<script type=\"application\/ld+json\" class=\"yoast-schema-graph\">{\"@context\":\"https:\\\/\\\/schema.org\",\"@graph\":[{\"@type\":\"WebPage\",\"@id\":\"https:\\\/\\\/timonsafaris.com\\\/es\\\/recursos-de-viaje\\\/\",\"url\":\"https:\\\/\\\/timonsafaris.com\\\/es\\\/recursos-de-viaje\\\/\",\"name\":\"Recursos de Viaje - Timon Safaris\",\"isPartOf\":{\"@id\":\"https:\\\/\\\/timonsafaris.com\\\/#website\"},\"primaryImageOfPage\":{\"@id\":\"https:\\\/\\\/timonsafaris.com\\\/es\\\/recursos-de-viaje\\\/#primaryimage\"},\"image\":{\"@id\":\"https:\\\/\\\/timonsafaris.com\\\/es\\\/recursos-de-viaje\\\/#primaryimage\"},\"thumbnailUrl\":\"https:\\\/\\\/timonsafaris.com\\\/wp-content\\\/uploads\\\/2025\\\/04\\\/99d-twitter-header-TIMON_rgb1.jpg\",\"datePublished\":\"2025-04-25T07:16:14+00:00\",\"dateModified\":\"2026-01-07T12:22:38+00:00\",\"description\":\"Recursos de Viaje - Creemos en la transparencia y la preparaci\u00f3n. A continuaci\u00f3n puede descargar nuestros documentos oficiales de ...\",\"breadcrumb\":{\"@id\":\"https:\\\/\\\/timonsafaris.com\\\/es\\\/recursos-de-viaje\\\/#breadcrumb\"},\"inLanguage\":\"es\",\"potentialAction\":[{\"@type\":\"ReadAction\",\"target\":[\"https:\\\/\\\/timonsafaris.com\\\/es\\\/recursos-de-viaje\\\/\"]}]},{\"@type\":\"ImageObject\",\"inLanguage\":\"es\",\"@id\":\"https:\\\/\\\/timonsafaris.com\\\/es\\\/recursos-de-viaje\\\/#primaryimage\",\"url\":\"https:\\\/\\\/timonsafaris.com\\\/wp-content\\\/uploads\\\/2025\\\/04\\\/99d-twitter-header-TIMON_rgb1.jpg\",\"contentUrl\":\"https:\\\/\\\/timonsafaris.com\\\/wp-content\\\/uploads\\\/2025\\\/04\\\/99d-twitter-header-TIMON_rgb1.jpg\",\"width\":1500,\"height\":500,\"caption\":\"Travel Resources\"},{\"@type\":\"BreadcrumbList\",\"@id\":\"https:\\\/\\\/timonsafaris.com\\\/es\\\/recursos-de-viaje\\\/#breadcrumb\",\"itemListElement\":[{\"@type\":\"ListItem\",\"position\":1,\"name\":\"Inicio\",\"item\":\"https:\\\/\\\/timonsafaris.com\\\/\"},{\"@type\":\"ListItem\",\"position\":2,\"name\":\"Recursos de Viaje\"}]},{\"@type\":\"WebSite\",\"@id\":\"https:\\\/\\\/timonsafaris.com\\\/#website\",\"url\":\"https:\\\/\\\/timonsafaris.com\\\/\",\"name\":\"Timon Safaris\",\"description\":\"\u00a1Disfrute de sus safaris de por vida con nosotros!\",\"potentialAction\":[{\"@type\":\"SearchAction\",\"target\":{\"@type\":\"EntryPoint\",\"urlTemplate\":\"https:\\\/\\\/timonsafaris.com\\\/es\\\/?s={search_term_string}\"},\"query-input\":\"required name=search_term_string\"}],\"inLanguage\":\"es\"}]}<\/script>\n<!-- \/ Yoast SEO Premium plugin. -->","yoast_head_json":{"title":"Recursos de Viaje - Timon Safaris","description":"Recursos de Viaje - Creemos en la transparencia y la preparaci\u00f3n. A continuaci\u00f3n puede descargar nuestros documentos oficiales de ...","robots":{"index":"index","follow":"follow","max-snippet":"max-snippet:-1","max-image-preview":"max-image-preview:large","max-video-preview":"max-video-preview:-1"},"canonical":"https:\/\/timonsafaris.com\/es\/recursos-de-viaje\/","og_locale":"es_ES","og_type":"article","og_title":"Recursos de Viaje","og_description":"Recursos de Viaje - Creemos en la transparencia y la preparaci\u00f3n. A continuaci\u00f3n puede descargar nuestros documentos oficiales de ...","og_url":"https:\/\/timonsafaris.com\/es\/recursos-de-viaje\/","og_site_name":"Timon Safaris","article_publisher":"https:\/\/www.facebook.com\/timonsafaris","article_modified_time":"2026-01-07T12:22:38+00:00","og_image":[{"width":1500,"height":500,"url":"https:\/\/timonsafaris.com\/wp-content\/uploads\/2025\/04\/99d-twitter-header-TIMON_rgb1.jpg","type":"image\/jpeg"}],"twitter_card":"summary_large_image","twitter_site":"@TimonSafaris","schema":{"@context":"https:\/\/schema.org","@graph":[{"@type":"WebPage","@id":"https:\/\/timonsafaris.com\/es\/recursos-de-viaje\/","url":"https:\/\/timonsafaris.com\/es\/recursos-de-viaje\/","name":"Recursos de Viaje - Timon Safaris","isPartOf":{"@id":"https:\/\/timonsafaris.com\/#website"},"primaryImageOfPage":{"@id":"https:\/\/timonsafaris.com\/es\/recursos-de-viaje\/#primaryimage"},"image":{"@id":"https:\/\/timonsafaris.com\/es\/recursos-de-viaje\/#primaryimage"},"thumbnailUrl":"https:\/\/timonsafaris.com\/wp-content\/uploads\/2025\/04\/99d-twitter-header-TIMON_rgb1.jpg","datePublished":"2025-04-25T07:16:14+00:00","dateModified":"2026-01-07T12:22:38+00:00","description":"Recursos de Viaje - Creemos en la transparencia y la preparaci\u00f3n. A continuaci\u00f3n puede descargar nuestros documentos oficiales de ...","breadcrumb":{"@id":"https:\/\/timonsafaris.com\/es\/recursos-de-viaje\/#breadcrumb"},"inLanguage":"es","potentialAction":[{"@type":"ReadAction","target":["https:\/\/timonsafaris.com\/es\/recursos-de-viaje\/"]}]},{"@type":"ImageObject","inLanguage":"es","@id":"https:\/\/timonsafaris.com\/es\/recursos-de-viaje\/#primaryimage","url":"https:\/\/timonsafaris.com\/wp-content\/uploads\/2025\/04\/99d-twitter-header-TIMON_rgb1.jpg","contentUrl":"https:\/\/timonsafaris.com\/wp-content\/uploads\/2025\/04\/99d-twitter-header-TIMON_rgb1.jpg","width":1500,"height":500,"caption":"Travel Resources"},{"@type":"BreadcrumbList","@id":"https:\/\/timonsafaris.com\/es\/recursos-de-viaje\/#breadcrumb","itemListElement":[{"@type":"ListItem","position":1,"name":"Inicio","item":"https:\/\/timonsafaris.com\/"},{"@type":"ListItem","position":2,"name":"Recursos de Viaje"}]},{"@type":"WebSite","@id":"https:\/\/timonsafaris.com\/#website","url":"https:\/\/timonsafaris.com\/","name":"Timon Safaris","description":"\u00a1Disfrute de sus safaris de por vida con nosotros!","potentialAction":[{"@type":"SearchAction","target":{"@type":"EntryPoint","urlTemplate":"https:\/\/timonsafaris.com\/es\/?s={search_term_string}"},"query-input":"required name=search_term_string"}],"inLanguage":"es"}]}},"_links":{"self":[{"href":"https:\/\/timonsafaris.com\/es\/wp-json\/wp\/v2\/pages\/22763","targetHints":{"allow":["GET"]}}],"collection":[{"href":"https:\/\/timonsafaris.com\/es\/wp-json\/wp\/v2\/pages"}],"about":[{"href":"https:\/\/timonsafaris.com\/es\/wp-json\/wp\/v2\/types\/page"}],"author":[{"embeddable":true,"href":"https:\/\/timonsafaris.com\/es\/wp-json\/wp\/v2\/users\/2"}],"replies":[{"embeddable":true,"href":"https:\/\/timonsafaris.com\/es\/wp-json\/wp\/v2\/comments?post=22763"}],"version-history":[{"count":2,"href":"https:\/\/timonsafaris.com\/es\/wp-json\/wp\/v2\/pages\/22763\/revisions"}],"predecessor-version":[{"id":25267,"href":"https:\/\/timonsafaris.com\/es\/wp-json\/wp\/v2\/pages\/22763\/revisions\/25267"}],"wp:featuredmedia":[{"embeddable":true,"href":"https:\/\/timonsafaris.com\/es\/wp-json\/wp\/v2\/media\/22574"}],"wp:attachment":[{"href":"https:\/\/timonsafaris.com\/es\/wp-json\/wp\/v2\/media?parent=22763"}],"curies":[{"name":"wp","href":"https:\/\/api.w.org\/{rel}","templated":true}]}}