{"id":22761,"date":"2025-04-25T07:16:14","date_gmt":"2025-04-25T07:16:14","guid":{"rendered":"https:\/\/timonsafaris.com\/reiseinformationen\/"},"modified":"2026-01-07T12:22:38","modified_gmt":"2026-01-07T12:22:38","slug":"reiseinformationen","status":"publish","type":"page","link":"https:\/\/timonsafaris.com\/de\/reiseinformationen\/","title":{"rendered":"Reiseinformationen"},"content":{"rendered":"\t\t<div data-elementor-type=\"wp-page\" data-elementor-id=\"22761\" class=\"elementor elementor-22761 elementor-22518\" data-elementor-post-type=\"page\">\n\t\t\t\t<div class=\"elementor-element elementor-element-a5e41d1 e-flex e-con-boxed e-con e-parent\" data-id=\"a5e41d1\" data-element_type=\"container\" data-e-type=\"container\" data-settings=\"{&quot;background_background&quot;:&quot;classic&quot;}\">\n\t\t\t\t\t<div class=\"e-con-inner\">\n\t\t<div class=\"elementor-element elementor-element-b4d95e6 e-con-full e-flex e-con e-child\" data-id=\"b4d95e6\" data-element_type=\"container\" data-e-type=\"container\">\n\t\t\t\t<div class=\"elementor-element elementor-element-5424c68 animated-slow elementor-invisible elementor-widget elementor-widget-heading\" data-id=\"5424c68\" data-element_type=\"widget\" data-e-type=\"widget\" data-settings=\"{&quot;_animation&quot;:&quot;fadeInDown&quot;}\" data-widget_type=\"heading.default\">\n\t\t\t\t<div class=\"elementor-widget-container\">\n\t\t\t\t\t<h2 class=\"elementor-heading-title elementor-size-default\">Offizielle Dokumente &amp; Reiseinformationen<\/h2>\t\t\t\t<\/div>\n\t\t\t\t<\/div>\n\t\t\t\t<div class=\"elementor-element elementor-element-bfea7cb animated-slow elementor-invisible elementor-widget elementor-widget-heading\" data-id=\"bfea7cb\" data-element_type=\"widget\" data-e-type=\"widget\" data-settings=\"{&quot;_animation&quot;:&quot;fadeInUp&quot;}\" data-widget_type=\"heading.default\">\n\t\t\t\t<div class=\"elementor-widget-container\">\n\t\t\t\t\t<h2 class=\"elementor-heading-title elementor-size-default\"> - Wir glauben an Transparenz und gute Vorbereitung - <\/h2>\t\t\t\t<\/div>\n\t\t\t\t<\/div>\n\t\t\t\t<\/div>\n\t\t\t\t\t<\/div>\n\t\t\t\t<\/div>\n\t\t<div class=\"elementor-element elementor-element-27e4af3 e-flex e-con-boxed e-con e-parent\" data-id=\"27e4af3\" data-element_type=\"container\" data-e-type=\"container\">\n\t\t\t\t\t<div class=\"e-con-inner\">\n\t\t\t\t<div class=\"elementor-element elementor-element-95c1dfa elementor-widget elementor-widget-breadcrumbs\" data-id=\"95c1dfa\" data-element_type=\"widget\" data-e-type=\"widget\" data-widget_type=\"breadcrumbs.default\">\n\t\t\t\t<div class=\"elementor-widget-container\">\n\t\t\t\t\t<p id=\"breadcrumbs\"><span><span><a href=\"https:\/\/timonsafaris.com\/\">Startseite<\/a><\/span><\/span><\/p>\t\t\t\t<\/div>\n\t\t\t\t<\/div>\n\t\t\t\t<div class=\"elementor-element elementor-element-eac0b35 elementor-widget elementor-widget-heading\" data-id=\"eac0b35\" data-element_type=\"widget\" data-e-type=\"widget\" data-widget_type=\"heading.default\">\n\t\t\t\t<div class=\"elementor-widget-container\">\n\t\t\t\t\t<div class=\"elementor-heading-title elementor-size-default\">Wir glauben an Transparenz und gute Vorbereitung. Nachfolgend k\u00f6nnen Sie unsere offiziellen Unternehmensdokumente und hilfreiche Informationen herunterladen, um sich auf Ihre Reise mit Timon Safaris vorzubereiten. Von rechtlichen Bescheinigungen bis hin zu Reisef\u00fchrern f\u00fcr die Safari \u2013 alles, was Sie brauchen, ist nur einen Klick entfernt.  <\/div>\t\t\t\t<\/div>\n\t\t\t\t<\/div>\n\t\t\t\t\t<\/div>\n\t\t\t\t<\/div>\n\t\t<div class=\"elementor-element elementor-element-69e10b5 e-flex e-con-boxed e-con e-parent\" data-id=\"69e10b5\" data-element_type=\"container\" data-e-type=\"container\">\n\t\t\t\t\t<div class=\"e-con-inner\">\n\t\t\t\t<div class=\"elementor-element elementor-element-8f1a16f elementor-widget elementor-widget-heading\" data-id=\"8f1a16f\" data-element_type=\"widget\" data-e-type=\"widget\" data-widget_type=\"heading.default\">\n\t\t\t\t<div class=\"elementor-widget-container\">\n\t\t\t\t\t<h2 class=\"elementor-heading-title elementor-size-default\">Reiseinformationen<\/h2>\t\t\t\t<\/div>\n\t\t\t\t<\/div>\n\t\t\t\t\t<\/div>\n\t\t\t\t<\/div>\n\t\t<div class=\"elementor-element elementor-element-23b357f e-flex e-con-boxed e-con e-parent\" data-id=\"23b357f\" data-element_type=\"container\" data-e-type=\"container\">\n\t\t\t\t\t<div class=\"e-con-inner\">\n\t\t\t\t<div class=\"elementor-element elementor-element-0dbd18c elementor-cta--layout-image-left elementor-cta--mobile-layout-image-above elementor-cta--skin-classic elementor-animated-content elementor-bg-transform elementor-bg-transform-zoom-in elementor-widget elementor-widget-call-to-action\" data-id=\"0dbd18c\" data-element_type=\"widget\" data-e-type=\"widget\" data-widget_type=\"call-to-action.default\">\n\t\t\t\t<div class=\"elementor-widget-container\">\n\t\t\t\t\t\t\t<div class=\"elementor-cta\">\n\t\t\t\t\t<div class=\"elementor-cta__bg-wrapper\">\n\t\t\t\t<div class=\"elementor-cta__bg elementor-bg\" style=\"background-image: url(https:\/\/timonsafaris.com\/wp-content\/uploads\/2025\/04\/parks-scaled.jpeg);\" role=\"img\" aria-label=\"parks\"><\/div>\n\t\t\t\t<div class=\"elementor-cta__bg-overlay\"><\/div>\n\t\t\t<\/div>\n\t\t\t\t\t\t\t<div class=\"elementor-cta__content\">\n\t\t\t\t\n\t\t\t\t\t\t\t\t\t<h2 class=\"elementor-cta__title elementor-cta__content-item elementor-content-item\">\n\t\t\t\t\t\t\ud83c\udf92 Packliste \u2013 F\u00fcr Safari-Reisen\t\t\t\t\t<\/h2>\n\t\t\t\t\n\t\t\t\t\t\t\t\t\t<div class=\"elementor-cta__description elementor-cta__content-item elementor-content-item\">\n\t\t\t\t\t\tMit unserer unverzichtbaren Packliste sind Sie bestens f\u00fcr Ihre Safari ger\u00fcstet! Dieser Reisef\u00fchrer hilft Ihnen bei der Vorbereitung auf ein unvergessliches Abenteuer und enth\u00e4lt alle notwendigen Dinge f\u00fcr eine komfortable und sichere Safari in den Nationalparks Tansanias. \t\t\t\t\t<\/div>\n\t\t\t\t\n\t\t\t\t\t\t\t\t\t<div class=\"elementor-cta__button-wrapper elementor-cta__content-item elementor-content-item \">\n\t\t\t\t\t<a class=\"elementor-cta__button elementor-button elementor-size-\" href=\"https:\/\/timonsafaris.com\/wp-content\/uploads\/2025\/04\/Safari-Packing-List-Download.pdf\" download=\"\">\n\t\t\t\t\t\tHERUNTERLADEN\t\t\t\t\t<\/a>\n\t\t\t\t\t<\/div>\n\t\t\t\t\t\t\t<\/div>\n\t\t\t\t\t\t<\/div>\n\t\t\t\t\t\t<\/div>\n\t\t\t\t<\/div>\n\t\t\t\t\t<\/div>\n\t\t\t\t<\/div>\n\t\t<div class=\"elementor-element elementor-element-b814930 e-flex e-con-boxed e-con e-parent\" data-id=\"b814930\" data-element_type=\"container\" data-e-type=\"container\">\n\t\t\t\t\t<div class=\"e-con-inner\">\n\t\t\t\t<div class=\"elementor-element elementor-element-c1f5bc0 elementor-cta--layout-image-left elementor-cta--mobile-layout-image-above elementor-cta--skin-classic elementor-animated-content elementor-bg-transform elementor-bg-transform-zoom-in elementor-widget elementor-widget-call-to-action\" data-id=\"c1f5bc0\" data-element_type=\"widget\" data-e-type=\"widget\" data-widget_type=\"call-to-action.default\">\n\t\t\t\t<div class=\"elementor-widget-container\">\n\t\t\t\t\t\t\t<div class=\"elementor-cta\">\n\t\t\t\t\t<div class=\"elementor-cta__bg-wrapper\">\n\t\t\t\t<div class=\"elementor-cta__bg elementor-bg\" style=\"background-image: url(https:\/\/timonsafaris.com\/wp-content\/uploads\/2025\/04\/machame11.jpeg);\" role=\"img\" aria-label=\"machame11\"><\/div>\n\t\t\t\t<div class=\"elementor-cta__bg-overlay\"><\/div>\n\t\t\t<\/div>\n\t\t\t\t\t\t\t<div class=\"elementor-cta__content\">\n\t\t\t\t\n\t\t\t\t\t\t\t\t\t<h2 class=\"elementor-cta__title elementor-cta__content-item elementor-content-item\">\n\t\t\t\t\t\t\ud83c\udfd4 Packliste f\u00fcr den Kilimandscharo\t\t\t\t\t<\/h2>\n\t\t\t\t\n\t\t\t\t\t\t\t\t\t<div class=\"elementor-cta__description elementor-cta__content-item elementor-content-item\">\n\t\t\t\t\t\tSie wollen den h\u00f6chsten Gipfel Afrikas besteigen? Laden Sie unsere Packliste f\u00fcr den Kilimandscharo herunter, damit Sie f\u00fcr die Herausforderung gut ger\u00fcstet sind. Dieser Reisef\u00fchrer enth\u00e4lt empfohlene Ausr\u00fcstung, Kleidung und Tipps, die speziell auf Ihre Bergtour zugeschnitten sind.  \t\t\t\t\t<\/div>\n\t\t\t\t\n\t\t\t\t\t\t\t\t\t<div class=\"elementor-cta__button-wrapper elementor-cta__content-item elementor-content-item \">\n\t\t\t\t\t<a class=\"elementor-cta__button elementor-button elementor-size-\" href=\"https:\/\/timonsafaris.com\/wp-content\/uploads\/2025\/04\/Kilimanjaro-Climbing-Packing-List.pdf\" download=\"\">\n\t\t\t\t\t\tHERUNTERLADEN\t\t\t\t\t<\/a>\n\t\t\t\t\t<\/div>\n\t\t\t\t\t\t\t<\/div>\n\t\t\t\t\t\t<\/div>\n\t\t\t\t\t\t<\/div>\n\t\t\t\t<\/div>\n\t\t\t\t\t<\/div>\n\t\t\t\t<\/div>\n\t\t<div class=\"elementor-element elementor-element-903cc23 e-flex e-con-boxed e-con e-parent\" data-id=\"903cc23\" data-element_type=\"container\" data-e-type=\"container\">\n\t\t\t\t\t<div class=\"e-con-inner\">\n\t\t\t\t<div class=\"elementor-element elementor-element-0bd0d9b elementor-widget elementor-widget-heading\" data-id=\"0bd0d9b\" data-element_type=\"widget\" data-e-type=\"widget\" data-widget_type=\"heading.default\">\n\t\t\t\t<div class=\"elementor-widget-container\">\n\t\t\t\t\t<h2 class=\"elementor-heading-title elementor-size-default\">Offizielle Dokumente<\/h2>\t\t\t\t<\/div>\n\t\t\t\t<\/div>\n\t\t\t\t\t<\/div>\n\t\t\t\t<\/div>\n\t\t<div class=\"elementor-element elementor-element-d383963 e-flex e-con-boxed e-con e-parent\" data-id=\"d383963\" data-element_type=\"container\" data-e-type=\"container\">\n\t\t\t\t\t<div class=\"e-con-inner\">\n\t\t\t\t<div class=\"elementor-element elementor-element-0e9fdba elementor-cta--layout-image-left elementor-cta--mobile-layout-image-above elementor-cta--skin-classic elementor-animated-content elementor-bg-transform elementor-bg-transform-zoom-in elementor-widget elementor-widget-call-to-action\" data-id=\"0e9fdba\" data-element_type=\"widget\" data-e-type=\"widget\" data-widget_type=\"call-to-action.default\">\n\t\t\t\t<div class=\"elementor-widget-container\">\n\t\t\t\t\t\t\t<div class=\"elementor-cta\">\n\t\t\t\t\t<div class=\"elementor-cta__bg-wrapper\">\n\t\t\t\t<div class=\"elementor-cta__bg elementor-bg\" style=\"background-image: url(https:\/\/timonsafaris.com\/wp-content\/uploads\/2025\/04\/99d-facebook-cover-_timon_1.jpg);\" role=\"img\" aria-label=\"99d facebook cover  timon\"><\/div>\n\t\t\t\t<div class=\"elementor-cta__bg-overlay\"><\/div>\n\t\t\t<\/div>\n\t\t\t\t\t\t\t<div class=\"elementor-cta__content\">\n\t\t\t\t\n\t\t\t\t\t\t\t\t\t<h2 class=\"elementor-cta__title elementor-cta__content-item elementor-content-item\">\n\t\t\t\t\t\t\ud83e\uddfe TALA - Tourismuslizenz\t\t\t\t\t<\/h2>\n\t\t\t\t\n\t\t\t\t\t\t\t\t\t<div class=\"elementor-cta__description elementor-cta__content-item elementor-content-item\">\n\t\t\t\t\t\tDieses Dokument bescheinigt, dass Timon Safaris von der Tanzania Tourism Licensing Authority (TALA) als professionelles Reiseunternehmen vollst\u00e4ndig lizenziert ist. Wir verpflichten uns, sichere und regulierte Reiseerlebnisse in ganz Tansania zu bieten. \t\t\t\t\t<\/div>\n\t\t\t\t\n\t\t\t\t\t\t\t\t\t<div class=\"elementor-cta__button-wrapper elementor-cta__content-item elementor-content-item \">\n\t\t\t\t\t<a class=\"elementor-cta__button elementor-button elementor-size-\" href=\"https:\/\/timonsafaris.com\/wp-content\/uploads\/2026\/01\/TALA-2026.pdf\" download=\"\">\n\t\t\t\t\t\tHERUNTERLADEN\t\t\t\t\t<\/a>\n\t\t\t\t\t<\/div>\n\t\t\t\t\t\t\t<\/div>\n\t\t\t\t\t\t<\/div>\n\t\t\t\t\t\t<\/div>\n\t\t\t\t<\/div>\n\t\t\t\t\t<\/div>\n\t\t\t\t<\/div>\n\t\t<div class=\"elementor-element elementor-element-9bc0b23 e-flex e-con-boxed e-con e-parent\" data-id=\"9bc0b23\" data-element_type=\"container\" data-e-type=\"container\">\n\t\t\t\t\t<div class=\"e-con-inner\">\n\t\t\t\t<div class=\"elementor-element elementor-element-6c57461 elementor-cta--layout-image-left elementor-cta--mobile-layout-image-above elementor-cta--skin-classic elementor-animated-content elementor-bg-transform elementor-bg-transform-zoom-in elementor-widget elementor-widget-call-to-action\" data-id=\"6c57461\" data-element_type=\"widget\" data-e-type=\"widget\" data-widget_type=\"call-to-action.default\">\n\t\t\t\t<div class=\"elementor-widget-container\">\n\t\t\t\t\t\t\t<div class=\"elementor-cta\">\n\t\t\t\t\t<div class=\"elementor-cta__bg-wrapper\">\n\t\t\t\t<div class=\"elementor-cta__bg elementor-bg\" style=\"background-image: url(https:\/\/timonsafaris.com\/wp-content\/uploads\/2025\/04\/99d-facebook-cover-_timon_1.jpg);\" role=\"img\" aria-label=\"99d facebook cover  timon\"><\/div>\n\t\t\t\t<div class=\"elementor-cta__bg-overlay\"><\/div>\n\t\t\t<\/div>\n\t\t\t\t\t\t\t<div class=\"elementor-cta__content\">\n\t\t\t\t\n\t\t\t\t\t\t\t\t\t<h2 class=\"elementor-cta__title elementor-cta__content-item elementor-content-item\">\n\t\t\t\t\t\t\ud83e\uddfe Steuer Identifikations Nummer\t\t\t\t\t<\/h2>\n\t\t\t\t\n\t\t\t\t\t\t\t\t\t<div class=\"elementor-cta__description elementor-cta__content-item elementor-content-item\">\n\t\t\t\t\t\tUnser Dokument mit der Steueridentifikationsnummer (TIN) best\u00e4tigt, dass Timon Safaris ein rechtm\u00e4\u00dfig registrierter Steuerzahler in Tansania ist. Dies gew\u00e4hrleistet die Einhaltung der lokalen finanziellen und rechtlichen Standards. \t\t\t\t\t<\/div>\n\t\t\t\t\n\t\t\t\t\t\t\t\t\t<div class=\"elementor-cta__button-wrapper elementor-cta__content-item elementor-content-item \">\n\t\t\t\t\t<a class=\"elementor-cta__button elementor-button elementor-size-\" href=\"https:\/\/timonsafaris.com\/wp-content\/uploads\/2025\/04\/Tax-Identification-Number.pdf\" download=\"\">\n\t\t\t\t\t\tHERUNTERLADEN\t\t\t\t\t<\/a>\n\t\t\t\t\t<\/div>\n\t\t\t\t\t\t\t<\/div>\n\t\t\t\t\t\t<\/div>\n\t\t\t\t\t\t<\/div>\n\t\t\t\t<\/div>\n\t\t\t\t\t<\/div>\n\t\t\t\t<\/div>\n\t\t<div class=\"elementor-element elementor-element-c1be4a3 e-flex e-con-boxed e-con e-parent\" data-id=\"c1be4a3\" data-element_type=\"container\" data-e-type=\"container\">\n\t\t\t\t\t<div class=\"e-con-inner\">\n\t\t\t\t<div class=\"elementor-element elementor-element-94e9d4a elementor-cta--layout-image-left elementor-cta--mobile-layout-image-above elementor-cta--skin-classic elementor-animated-content elementor-bg-transform elementor-bg-transform-zoom-in elementor-widget elementor-widget-call-to-action\" data-id=\"94e9d4a\" data-element_type=\"widget\" data-e-type=\"widget\" data-widget_type=\"call-to-action.default\">\n\t\t\t\t<div class=\"elementor-widget-container\">\n\t\t\t\t\t\t\t<div class=\"elementor-cta\">\n\t\t\t\t\t<div class=\"elementor-cta__bg-wrapper\">\n\t\t\t\t<div class=\"elementor-cta__bg elementor-bg\" style=\"background-image: url(https:\/\/timonsafaris.com\/wp-content\/uploads\/2025\/04\/99d-facebook-cover-_timon_1.jpg);\" role=\"img\" aria-label=\"99d facebook cover  timon\"><\/div>\n\t\t\t\t<div class=\"elementor-cta__bg-overlay\"><\/div>\n\t\t\t<\/div>\n\t\t\t\t\t\t\t<div class=\"elementor-cta__content\">\n\t\t\t\t\n\t\t\t\t\t\t\t\t\t<h2 class=\"elementor-cta__title elementor-cta__content-item elementor-content-item\">\n\t\t\t\t\t\t\ud83e\uddfe BRELA \u2013 Gr\u00fcndungsurkunde\t\t\t\t\t<\/h2>\n\t\t\t\t\n\t\t\t\t\t\t\t\t\t<div class=\"elementor-cta__description elementor-cta__content-item elementor-content-item\">\n\t\t\t\t\t\tDiese Bescheinigung wurde von der Business Registrations and Licensing Agency (BRELA) ausgestellt und best\u00e4tigt, dass Timon Safaris offiziell als juristische Person in Tansania eingetragen und anerkannt ist.\t\t\t\t\t<\/div>\n\t\t\t\t\n\t\t\t\t\t\t\t\t\t<div class=\"elementor-cta__button-wrapper elementor-cta__content-item elementor-content-item \">\n\t\t\t\t\t<a class=\"elementor-cta__button elementor-button elementor-size-\" href=\"https:\/\/timonsafaris.com\/wp-content\/uploads\/2025\/04\/Brella.pdf\" download=\"\">\n\t\t\t\t\t\tHERUNTERLADEN\t\t\t\t\t<\/a>\n\t\t\t\t\t<\/div>\n\t\t\t\t\t\t\t<\/div>\n\t\t\t\t\t\t<\/div>\n\t\t\t\t\t\t<\/div>\n\t\t\t\t<\/div>\n\t\t\t\t\t<\/div>\n\t\t\t\t<\/div>\n\t\t\t\t<\/div>\n\t\t","protected":false},"excerpt":{"rendered":"<p>Offizielle Dokumente &amp; Reiseinformationen &#8211; Wir glauben an Transparenz und gute Vorbereitung &#8211; Wir glauben an Transparenz und gute Vorbereitung. Nachfolgend k\u00f6nnen Sie unsere offiziellen Unternehmensdokumente und hilfreiche Informationen herunterladen, um sich auf Ihre Reise mit Timon Safaris vorzubereiten. Von rechtlichen Bescheinigungen bis hin zu Reisef\u00fchrern f\u00fcr die Safari \u2013 alles, was Sie brauchen, ist [&hellip;]<\/p>\n","protected":false},"author":2,"featured_media":22572,"parent":0,"menu_order":0,"comment_status":"closed","ping_status":"closed","template":"elementor_header_footer","meta":{"_acf_changed":false,"iawp_total_views":5,"footnotes":""},"class_list":["post-22761","page","type-page","status-publish","has-post-thumbnail","hentry"],"acf":[],"yoast_head":"<!-- This site is optimized with the Yoast SEO Premium plugin v27.2 (Yoast SEO v27.4) - https:\/\/yoast.com\/product\/yoast-seo-premium-wordpress\/ -->\n<title>Reiseinformationen - Timon Safaris<\/title>\n<meta name=\"description\" content=\"Reiseinformationen \u2013 Wir glauben an Transparenz und gute Vorbereitung. Nachstehend k\u00f6nnen Sie unsere offiziellen Unternehmensdokumente ...\" \/>\n<meta name=\"robots\" content=\"index, follow, max-snippet:-1, max-image-preview:large, max-video-preview:-1\" \/>\n<link rel=\"canonical\" href=\"https:\/\/timonsafaris.com\/de\/reiseinformationen\/\" \/>\n<meta property=\"og:locale\" content=\"de_DE\" \/>\n<meta property=\"og:type\" content=\"article\" \/>\n<meta property=\"og:title\" content=\"Reiseinformationen\" \/>\n<meta property=\"og:description\" content=\"Reiseinformationen \u2013 Wir glauben an Transparenz und gute Vorbereitung. Nachstehend k\u00f6nnen Sie unsere offiziellen Unternehmensdokumente ...\" \/>\n<meta property=\"og:url\" content=\"https:\/\/timonsafaris.com\/de\/reiseinformationen\/\" \/>\n<meta property=\"og:site_name\" content=\"Timon Safaris\" \/>\n<meta property=\"article:publisher\" content=\"https:\/\/www.facebook.com\/timonsafaris\" \/>\n<meta property=\"article:modified_time\" content=\"2026-01-07T12:22:38+00:00\" \/>\n<meta property=\"og:image\" content=\"https:\/\/timonsafaris.com\/wp-content\/uploads\/2025\/04\/99d-twitter-header-TIMON_rgb1.jpg\" \/>\n\t<meta property=\"og:image:width\" content=\"1500\" \/>\n\t<meta property=\"og:image:height\" content=\"500\" \/>\n\t<meta property=\"og:image:type\" content=\"image\/jpeg\" \/>\n<meta name=\"twitter:card\" content=\"summary_large_image\" \/>\n<meta name=\"twitter:site\" content=\"@TimonSafaris\" \/>\n<script type=\"application\/ld+json\" class=\"yoast-schema-graph\">{\"@context\":\"https:\\\/\\\/schema.org\",\"@graph\":[{\"@type\":\"WebPage\",\"@id\":\"https:\\\/\\\/timonsafaris.com\\\/de\\\/reiseinformationen\\\/\",\"url\":\"https:\\\/\\\/timonsafaris.com\\\/de\\\/reiseinformationen\\\/\",\"name\":\"Reiseinformationen - Timon Safaris\",\"isPartOf\":{\"@id\":\"https:\\\/\\\/timonsafaris.com\\\/#website\"},\"primaryImageOfPage\":{\"@id\":\"https:\\\/\\\/timonsafaris.com\\\/de\\\/reiseinformationen\\\/#primaryimage\"},\"image\":{\"@id\":\"https:\\\/\\\/timonsafaris.com\\\/de\\\/reiseinformationen\\\/#primaryimage\"},\"thumbnailUrl\":\"https:\\\/\\\/timonsafaris.com\\\/wp-content\\\/uploads\\\/2025\\\/04\\\/99d-twitter-header-TIMON_rgb1.jpg\",\"datePublished\":\"2025-04-25T07:16:14+00:00\",\"dateModified\":\"2026-01-07T12:22:38+00:00\",\"description\":\"Reiseinformationen \u2013 Wir glauben an Transparenz und gute Vorbereitung. Nachstehend k\u00f6nnen Sie unsere offiziellen Unternehmensdokumente ...\",\"breadcrumb\":{\"@id\":\"https:\\\/\\\/timonsafaris.com\\\/de\\\/reiseinformationen\\\/#breadcrumb\"},\"inLanguage\":\"de\",\"potentialAction\":[{\"@type\":\"ReadAction\",\"target\":[\"https:\\\/\\\/timonsafaris.com\\\/de\\\/reiseinformationen\\\/\"]}]},{\"@type\":\"ImageObject\",\"inLanguage\":\"de\",\"@id\":\"https:\\\/\\\/timonsafaris.com\\\/de\\\/reiseinformationen\\\/#primaryimage\",\"url\":\"https:\\\/\\\/timonsafaris.com\\\/wp-content\\\/uploads\\\/2025\\\/04\\\/99d-twitter-header-TIMON_rgb1.jpg\",\"contentUrl\":\"https:\\\/\\\/timonsafaris.com\\\/wp-content\\\/uploads\\\/2025\\\/04\\\/99d-twitter-header-TIMON_rgb1.jpg\",\"width\":1500,\"height\":500,\"caption\":\"Travel Resources\"},{\"@type\":\"BreadcrumbList\",\"@id\":\"https:\\\/\\\/timonsafaris.com\\\/de\\\/reiseinformationen\\\/#breadcrumb\",\"itemListElement\":[{\"@type\":\"ListItem\",\"position\":1,\"name\":\"Startseite\",\"item\":\"https:\\\/\\\/timonsafaris.com\\\/\"},{\"@type\":\"ListItem\",\"position\":2,\"name\":\"Reiseinformationen\"}]},{\"@type\":\"WebSite\",\"@id\":\"https:\\\/\\\/timonsafaris.com\\\/#website\",\"url\":\"https:\\\/\\\/timonsafaris.com\\\/\",\"name\":\"Timon Safaris\",\"description\":\"Genie\u00dfen Sie Ihre Lebenssafaris mit uns!\",\"potentialAction\":[{\"@type\":\"SearchAction\",\"target\":{\"@type\":\"EntryPoint\",\"urlTemplate\":\"https:\\\/\\\/timonsafaris.com\\\/de\\\/?s={search_term_string}\"},\"query-input\":\"required name=search_term_string\"}],\"inLanguage\":\"de\"}]}<\/script>\n<!-- \/ Yoast SEO Premium plugin. -->","yoast_head_json":{"title":"Reiseinformationen - Timon Safaris","description":"Reiseinformationen \u2013 Wir glauben an Transparenz und gute Vorbereitung. Nachstehend k\u00f6nnen Sie unsere offiziellen Unternehmensdokumente ...","robots":{"index":"index","follow":"follow","max-snippet":"max-snippet:-1","max-image-preview":"max-image-preview:large","max-video-preview":"max-video-preview:-1"},"canonical":"https:\/\/timonsafaris.com\/de\/reiseinformationen\/","og_locale":"de_DE","og_type":"article","og_title":"Reiseinformationen","og_description":"Reiseinformationen \u2013 Wir glauben an Transparenz und gute Vorbereitung. Nachstehend k\u00f6nnen Sie unsere offiziellen Unternehmensdokumente ...","og_url":"https:\/\/timonsafaris.com\/de\/reiseinformationen\/","og_site_name":"Timon Safaris","article_publisher":"https:\/\/www.facebook.com\/timonsafaris","article_modified_time":"2026-01-07T12:22:38+00:00","og_image":[{"width":1500,"height":500,"url":"https:\/\/timonsafaris.com\/wp-content\/uploads\/2025\/04\/99d-twitter-header-TIMON_rgb1.jpg","type":"image\/jpeg"}],"twitter_card":"summary_large_image","twitter_site":"@TimonSafaris","schema":{"@context":"https:\/\/schema.org","@graph":[{"@type":"WebPage","@id":"https:\/\/timonsafaris.com\/de\/reiseinformationen\/","url":"https:\/\/timonsafaris.com\/de\/reiseinformationen\/","name":"Reiseinformationen - Timon Safaris","isPartOf":{"@id":"https:\/\/timonsafaris.com\/#website"},"primaryImageOfPage":{"@id":"https:\/\/timonsafaris.com\/de\/reiseinformationen\/#primaryimage"},"image":{"@id":"https:\/\/timonsafaris.com\/de\/reiseinformationen\/#primaryimage"},"thumbnailUrl":"https:\/\/timonsafaris.com\/wp-content\/uploads\/2025\/04\/99d-twitter-header-TIMON_rgb1.jpg","datePublished":"2025-04-25T07:16:14+00:00","dateModified":"2026-01-07T12:22:38+00:00","description":"Reiseinformationen \u2013 Wir glauben an Transparenz und gute Vorbereitung. Nachstehend k\u00f6nnen Sie unsere offiziellen Unternehmensdokumente ...","breadcrumb":{"@id":"https:\/\/timonsafaris.com\/de\/reiseinformationen\/#breadcrumb"},"inLanguage":"de","potentialAction":[{"@type":"ReadAction","target":["https:\/\/timonsafaris.com\/de\/reiseinformationen\/"]}]},{"@type":"ImageObject","inLanguage":"de","@id":"https:\/\/timonsafaris.com\/de\/reiseinformationen\/#primaryimage","url":"https:\/\/timonsafaris.com\/wp-content\/uploads\/2025\/04\/99d-twitter-header-TIMON_rgb1.jpg","contentUrl":"https:\/\/timonsafaris.com\/wp-content\/uploads\/2025\/04\/99d-twitter-header-TIMON_rgb1.jpg","width":1500,"height":500,"caption":"Travel Resources"},{"@type":"BreadcrumbList","@id":"https:\/\/timonsafaris.com\/de\/reiseinformationen\/#breadcrumb","itemListElement":[{"@type":"ListItem","position":1,"name":"Startseite","item":"https:\/\/timonsafaris.com\/"},{"@type":"ListItem","position":2,"name":"Reiseinformationen"}]},{"@type":"WebSite","@id":"https:\/\/timonsafaris.com\/#website","url":"https:\/\/timonsafaris.com\/","name":"Timon Safaris","description":"Genie\u00dfen Sie Ihre Lebenssafaris mit uns!","potentialAction":[{"@type":"SearchAction","target":{"@type":"EntryPoint","urlTemplate":"https:\/\/timonsafaris.com\/de\/?s={search_term_string}"},"query-input":"required name=search_term_string"}],"inLanguage":"de"}]}},"_links":{"self":[{"href":"https:\/\/timonsafaris.com\/de\/wp-json\/wp\/v2\/pages\/22761","targetHints":{"allow":["GET"]}}],"collection":[{"href":"https:\/\/timonsafaris.com\/de\/wp-json\/wp\/v2\/pages"}],"about":[{"href":"https:\/\/timonsafaris.com\/de\/wp-json\/wp\/v2\/types\/page"}],"author":[{"embeddable":true,"href":"https:\/\/timonsafaris.com\/de\/wp-json\/wp\/v2\/users\/2"}],"replies":[{"embeddable":true,"href":"https:\/\/timonsafaris.com\/de\/wp-json\/wp\/v2\/comments?post=22761"}],"version-history":[{"count":2,"href":"https:\/\/timonsafaris.com\/de\/wp-json\/wp\/v2\/pages\/22761\/revisions"}],"predecessor-version":[{"id":25269,"href":"https:\/\/timonsafaris.com\/de\/wp-json\/wp\/v2\/pages\/22761\/revisions\/25269"}],"wp:featuredmedia":[{"embeddable":true,"href":"https:\/\/timonsafaris.com\/de\/wp-json\/wp\/v2\/media\/22572"}],"wp:attachment":[{"href":"https:\/\/timonsafaris.com\/de\/wp-json\/wp\/v2\/media?parent=22761"}],"curies":[{"name":"wp","href":"https:\/\/api.w.org\/{rel}","templated":true}]}}